{"id":87,"date":"2021-09-13T10:47:45","date_gmt":"2021-09-13T09:47:45","guid":{"rendered":"https:\/\/stup.ffzg.unizg.hr\/?page_id=87"},"modified":"2021-10-05T23:39:42","modified_gmt":"2021-10-05T22:39:42","slug":"psihozij-2","status":"publish","type":"page","link":"https:\/\/stup.ffzg.unizg.hr\/?page_id=87","title":{"rendered":"Psihozij"},"content":{"rendered":"\n<div class=\"wp-block-group is-layout-flow wp-block-group-is-layout-flow\"><div class=\"wp-block-group__inner-container\">\n<div class=\"wp-block-group pls-shadow pls-radius has-ast-global-color-5-background-color has-background is-layout-constrained wp-container-core-group-is-layout-aae52aff wp-block-group-is-layout-constrained\"><div class=\"wp-block-group__inner-container\">\n<h2 class=\"wp-block-heading\"><strong>Psihozij<\/strong><\/h2>\n\n\n\n<p class=\"has-normal-font-size\">Psihozij je skup studenata psihologije koji se od 2011. godine odr\u017eava na Filozofskom fakultetu Sveu\u010dili\u0161ta u Zagrebu, u organizaciji Kluba studenata psihologije STUP. Psihozij predstavlja vje\u017ebaonicu za istra\u017eiva\u010dke radove studenata psihologije iz cijele regije koja im daje priliku da se bave znanstveno istra\u017eiva\u010dkim radompru\u017eaju\u0107i im mogu\u0107nost da svoje radoveizlo\u017ee na znanstvenom skupu. Pri tome dobivaju i nova znanja putem drugih radova, plenarnih predavanja uglednih hrvatskih i europskih znanstvenika i radionica, kao i interakcije i razmjene iskustava s kolegama studentima iz Hrvatske i inozemstva.<br><\/p>\n<\/div><\/div>\n<\/div><\/div>\n\n\n\n<div class=\"wp-block-columns pls-shadow pls-radius has-ast-global-color-5-background-color has-background is-layout-flex wp-container-core-columns-is-layout-28f84493 wp-block-columns-is-layout-flex\">\n<div class=\"wp-block-column is-layout-flow wp-block-column-is-layout-flow\" style=\"flex-basis:33.33%\">\n<figure class=\"wp-block-image size-full\"><a href=\"https:\/\/psihozij.wixsite.com\/psihozij\" target=\"_blank\" rel=\"noopener\"><img loading=\"lazy\" decoding=\"async\" width=\"981\" height=\"981\" src=\"https:\/\/stup.ffzg.unizg.hr\/wp-content\/uploads\/2021\/10\/81909040_2775799389175504_4710140906668294144_n-3.jpg\" alt=\"\" class=\"wp-image-597\" srcset=\"https:\/\/stup.ffzg.unizg.hr\/wp-content\/uploads\/2021\/10\/81909040_2775799389175504_4710140906668294144_n-3.jpg 981w, https:\/\/stup.ffzg.unizg.hr\/wp-content\/uploads\/2021\/10\/81909040_2775799389175504_4710140906668294144_n-3-300x300.jpg 300w, https:\/\/stup.ffzg.unizg.hr\/wp-content\/uploads\/2021\/10\/81909040_2775799389175504_4710140906668294144_n-3-150x150.jpg 150w, https:\/\/stup.ffzg.unizg.hr\/wp-content\/uploads\/2021\/10\/81909040_2775799389175504_4710140906668294144_n-3-768x768.jpg 768w\" sizes=\"auto, (max-width: 981px) 100vw, 981px\" \/><\/a><\/figure>\n<\/div>\n\n\n\n<div class=\"wp-block-column is-vertically-aligned-center has-ast-global-color-5-background-color has-background is-layout-flow wp-block-column-is-layout-flow\" style=\"flex-basis:66.66%\">\n<h2 class=\"has-text-align-left wp-block-heading\" style=\"font-size:25px\"><br><strong><a rel=\"noreferrer noopener\" href=\"https:\/\/psihozij.wixsite.com\/psihozij\" target=\"_blank\">Psihozij 2020.<\/a><\/strong> &#8211; za potpuni do\u017eivljaj posjetite i slu\u017ebenu stranicu Psihozija 2020. godine \ud83d\ude09<\/h2>\n<\/div>\n<\/div>\n\n\n\n<p><\/p>\n","protected":false},"excerpt":{"rendered":"<p>Psihozij Psihozij je skup studenata psihologije koji se od 2011. godine odr\u017eava na Filozofskom fakultetu Sveu\u010dili\u0161ta u Zagrebu, u organizaciji Kluba studenata psihologije STUP. Psihozij predstavlja vje\u017ebaonicu za istra\u017eiva\u010dke radove studenata psihologije iz cijele regije koja im daje priliku da se bave znanstveno istra\u017eiva\u010dkim radompru\u017eaju\u0107i im mogu\u0107nost da svoje radoveizlo\u017ee na znanstvenom skupu. Pri tome [&hellip;]<\/p>\n","protected":false},"author":1,"featured_media":0,"parent":0,"menu_order":0,"comment_status":"closed","ping_status":"closed","template":"","meta":{"site-sidebar-layout":"default","site-content-layout":"plain-container","ast-site-content-layout":"default","site-content-style":"default","site-sidebar-style":"default","ast-global-header-display":"","ast-banner-title-visibility":"","ast-main-header-display":"","ast-hfb-above-header-display":"","ast-hfb-below-header-display":"","ast-hfb-mobile-header-display":"","site-post-title":"disabled","ast-breadcrumbs-content":"","ast-featured-img":"","footer-sml-layout":"","ast-disable-related-posts":"","theme-transparent-header-meta":"default","adv-header-id-meta":"","stick-header-meta":"","header-above-stick-meta":"","header-main-stick-meta":"","header-below-stick-meta":"","astra-migrate-meta-layouts":"default","ast-page-background-enabled":"default","ast-page-background-meta":{"desktop":{"background-color":"var(--ast-global-color-4)","background-image":"","background-repeat":"repeat","background-position":"center center","background-size":"auto","background-attachment":"scroll","background-type":"","background-media":"","overlay-type":"","overlay-color":"","overlay-opacity":"","overlay-gradient":""},"tablet":{"background-color":"","background-image":"","background-repeat":"repeat","background-position":"center center","background-size":"auto","background-attachment":"scroll","background-type":"","background-media":"","overlay-type":"","overlay-color":"","overlay-opacity":"","overlay-gradient":""},"mobile":{"background-color":"","background-image":"","background-repeat":"repeat","background-position":"center center","background-size":"auto","background-attachment":"scroll","background-type":"","background-media":"","overlay-type":"","overlay-color":"","overlay-opacity":"","overlay-gradient":""}},"ast-content-background-meta":{"desktop":{"background-color":"var(--ast-global-color-5)","background-image":"","background-repeat":"repeat","background-position":"center center","background-size":"auto","background-attachment":"scroll","background-type":"","background-media":"","overlay-type":"","overlay-color":"","overlay-opacity":"","overlay-gradient":""},"tablet":{"background-color":"var(--ast-global-color-5)","background-image":"","background-repeat":"repeat","background-position":"center center","background-size":"auto","background-attachment":"scroll","background-type":"","background-media":"","overlay-type":"","overlay-color":"","overlay-opacity":"","overlay-gradient":""},"mobile":{"background-color":"var(--ast-global-color-5)","background-image":"","background-repeat":"repeat","background-position":"center center","background-size":"auto","background-attachment":"scroll","background-type":"","background-media":"","overlay-type":"","overlay-color":"","overlay-opacity":"","overlay-gradient":""}},"footnotes":""},"class_list":["post-87","page","type-page","status-publish","hentry"],"aioseo_notices":[],"_links":{"self":[{"href":"https:\/\/stup.ffzg.unizg.hr\/index.php?rest_route=\/wp\/v2\/pages\/87","targetHints":{"allow":["GET"]}}],"collection":[{"href":"https:\/\/stup.ffzg.unizg.hr\/index.php?rest_route=\/wp\/v2\/pages"}],"about":[{"href":"https:\/\/stup.ffzg.unizg.hr\/index.php?rest_route=\/wp\/v2\/types\/page"}],"author":[{"embeddable":true,"href":"https:\/\/stup.ffzg.unizg.hr\/index.php?rest_route=\/wp\/v2\/users\/1"}],"replies":[{"embeddable":true,"href":"https:\/\/stup.ffzg.unizg.hr\/index.php?rest_route=%2Fwp%2Fv2%2Fcomments&post=87"}],"version-history":[{"count":19,"href":"https:\/\/stup.ffzg.unizg.hr\/index.php?rest_route=\/wp\/v2\/pages\/87\/revisions"}],"predecessor-version":[{"id":892,"href":"https:\/\/stup.ffzg.unizg.hr\/index.php?rest_route=\/wp\/v2\/pages\/87\/revisions\/892"}],"wp:attachment":[{"href":"https:\/\/stup.ffzg.unizg.hr\/index.php?rest_route=%2Fwp%2Fv2%2Fmedia&parent=87"}],"curies":[{"name":"wp","href":"https:\/\/api.w.org\/{rel}","templated":true}]}}