{"id":84,"date":"2021-09-13T10:47:30","date_gmt":"2021-09-13T09:47:30","guid":{"rendered":"https:\/\/stup.ffzg.unizg.hr\/?page_id=84"},"modified":"2021-10-05T23:41:44","modified_gmt":"2021-10-05T22:41:44","slug":"psyche","status":"publish","type":"page","link":"https:\/\/stup.ffzg.unizg.hr\/?page_id=84","title":{"rendered":"Psych\u0113"},"content":{"rendered":"\n<div class=\"wp-block-group pls-shadow pls-radius has-ast-global-color-5-background-color has-background is-layout-constrained wp-container-core-group-is-layout-aae52aff wp-block-group-is-layout-constrained\"><div class=\"wp-block-group__inner-container\">\n<h2 class=\"wp-block-heading\"><strong><a href=\"https:\/\/openjournals.ffzg.unizg.hr\/index.php\/psyche\/index\" data-type=\"URL\" data-id=\"https:\/\/openjournals.ffzg.unizg.hr\/index.php\/psyche\/index\" target=\"_blank\" rel=\"noreferrer noopener\">Psych\u0113<\/a><\/strong><\/h2>\n\n\n\n<p>Psych\u0113 je \u010dasopisa studenata psihologije Filozofskog fakulteta Sveu\u010dili\u0161ta u Zagrebu. Pokrenut je po\u010detkom akademske godine 2017.\/2018. od strane \u010dlanova Kluba studenata psihologije STUP, a okuplja razli\u010dite vrste radova. \u010casopis izlazi jednom godi\u0161nje, a posljednje izdanje izi\u0161lo je 2021.godine.<br><\/p>\n<\/div><\/div>\n\n\n\n<div style=\"height:20px\" aria-hidden=\"true\" class=\"wp-block-spacer\"><\/div>\n\n\n\n<div class=\"wp-block-image\"><figure class=\"aligncenter size-large is-resized\"><a href=\"https:\/\/openjournals.ffzg.unizg.hr\/index.php\/psyche\/index\" target=\"_blank\" rel=\"noopener\"><img loading=\"lazy\" decoding=\"async\" src=\"https:\/\/stup.ffzg.unizg.hr\/wp-content\/uploads\/2021\/10\/homepageImage_en_US-1024x438.png\" alt=\"psyche\" class=\"wp-image-607\" width=\"534\" height=\"227\" srcset=\"https:\/\/stup.ffzg.unizg.hr\/wp-content\/uploads\/2021\/10\/homepageImage_en_US-1024x438.png 1024w, https:\/\/stup.ffzg.unizg.hr\/wp-content\/uploads\/2021\/10\/homepageImage_en_US-300x128.png 300w\" sizes=\"auto, (max-width: 534px) 100vw, 534px\" \/><\/a><\/figure><\/div>\n\n\n\n<div class=\"wp-block-columns pls-shadow pls-radius has-ast-global-color-5-background-color has-background is-layout-flex wp-container-core-columns-is-layout-28f84493 wp-block-columns-is-layout-flex\">\n<div class=\"wp-block-column is-layout-flow wp-block-column-is-layout-flow\" style=\"flex-basis:33.33%\">\n<div class=\"wp-block-image\"><figure class=\"aligncenter size-large is-resized\"><a href=\"https:\/\/openjournals.ffzg.unizg.hr\/index.php\/psyche\/index\" target=\"_blank\" rel=\"noopener\"><img loading=\"lazy\" decoding=\"async\" src=\"https:\/\/stup.ffzg.unizg.hr\/wp-content\/uploads\/2021\/10\/cover_issue_12_en_US-724x1024.jpg\" alt=\"\" class=\"wp-image-608\" width=\"217\" height=\"307\" srcset=\"https:\/\/stup.ffzg.unizg.hr\/wp-content\/uploads\/2021\/10\/cover_issue_12_en_US-724x1024.jpg 724w, https:\/\/stup.ffzg.unizg.hr\/wp-content\/uploads\/2021\/10\/cover_issue_12_en_US-212x300.jpg 212w, https:\/\/stup.ffzg.unizg.hr\/wp-content\/uploads\/2021\/10\/cover_issue_12_en_US-768x1086.jpg 768w, https:\/\/stup.ffzg.unizg.hr\/wp-content\/uploads\/2021\/10\/cover_issue_12_en_US-1086x1536.jpg 1086w, https:\/\/stup.ffzg.unizg.hr\/wp-content\/uploads\/2021\/10\/cover_issue_12_en_US-1448x2048.jpg 1448w, https:\/\/stup.ffzg.unizg.hr\/wp-content\/uploads\/2021\/10\/cover_issue_12_en_US-scaled.jpg 1810w\" sizes=\"auto, (max-width: 217px) 100vw, 217px\" \/><\/a><\/figure><\/div>\n\n\n\n<p class=\"has-text-align-center\">Naslovnica pro\u0161logodi\u0161njeg izdanja Psych\u0113a<\/p>\n<\/div>\n\n\n\n<div class=\"wp-block-column is-layout-flow wp-block-column-is-layout-flow\" style=\"flex-basis:66.66%\">\n<p class=\"has-text-align-left has-medium-font-size\"><br><br><br><br>Tema posljednjeg izdanja \u010dasopisa bavila se psihi\u010dkim zdravljem, a za vi\u0161e informacija mo\u017eete posjetiti i slui\u017ebenu stranicu  <a rel=\"noreferrer noopener\" href=\"https:\/\/openjournals.ffzg.unizg.hr\/index.php\/psyche\/index\" data-type=\"URL\" data-id=\"https:\/\/openjournals.ffzg.unizg.hr\/index.php\/psyche\/index\" target=\"_blank\">Psych\u0113<\/a>a \ud83d\ude42<\/p>\n<\/div>\n<\/div>\n","protected":false},"excerpt":{"rendered":"<p>Psych\u0113 Psych\u0113 je \u010dasopisa studenata psihologije Filozofskog fakulteta Sveu\u010dili\u0161ta u Zagrebu. Pokrenut je po\u010detkom akademske godine 2017.\/2018. od strane \u010dlanova Kluba studenata psihologije STUP, a okuplja razli\u010dite vrste radova. \u010casopis izlazi jednom godi\u0161nje, a posljednje izdanje izi\u0161lo je 2021.godine. Naslovnica pro\u0161logodi\u0161njeg izdanja Psych\u0113a Tema posljednjeg izdanja \u010dasopisa bavila se psihi\u010dkim zdravljem, a za vi\u0161e informacija [&hellip;]<\/p>\n","protected":false},"author":1,"featured_media":0,"parent":0,"menu_order":0,"comment_status":"closed","ping_status":"closed","template":"","meta":{"site-sidebar-layout":"default","site-content-layout":"default","ast-site-content-layout":"default","site-content-style":"default","site-sidebar-style":"default","ast-global-header-display":"","ast-banner-title-visibility":"","ast-main-header-display":"","ast-hfb-above-header-display":"","ast-hfb-below-header-display":"","ast-hfb-mobile-header-display":"","site-post-title":"","ast-breadcrumbs-content":"","ast-featured-img":"","footer-sml-layout":"","ast-disable-related-posts":"","theme-transparent-header-meta":"default","adv-header-id-meta":"","stick-header-meta":"","header-above-stick-meta":"","header-main-stick-meta":"","header-below-stick-meta":"","astra-migrate-meta-layouts":"default","ast-page-background-enabled":"default","ast-page-background-meta":{"desktop":{"background-color":"var(--ast-global-color-4)","background-image":"","background-repeat":"repeat","background-position":"center center","background-size":"auto","background-attachment":"scroll","background-type":"","background-media":"","overlay-type":"","overlay-color":"","overlay-opacity":"","overlay-gradient":""},"tablet":{"background-color":"","background-image":"","background-repeat":"repeat","background-position":"center center","background-size":"auto","background-attachment":"scroll","background-type":"","background-media":"","overlay-type":"","overlay-color":"","overlay-opacity":"","overlay-gradient":""},"mobile":{"background-color":"","background-image":"","background-repeat":"repeat","background-position":"center center","background-size":"auto","background-attachment":"scroll","background-type":"","background-media":"","overlay-type":"","overlay-color":"","overlay-opacity":"","overlay-gradient":""}},"ast-content-background-meta":{"desktop":{"background-color":"var(--ast-global-color-5)","background-image":"","background-repeat":"repeat","background-position":"center center","background-size":"auto","background-attachment":"scroll","background-type":"","background-media":"","overlay-type":"","overlay-color":"","overlay-opacity":"","overlay-gradient":""},"tablet":{"background-color":"var(--ast-global-color-5)","background-image":"","background-repeat":"repeat","background-position":"center center","background-size":"auto","background-attachment":"scroll","background-type":"","background-media":"","overlay-type":"","overlay-color":"","overlay-opacity":"","overlay-gradient":""},"mobile":{"background-color":"var(--ast-global-color-5)","background-image":"","background-repeat":"repeat","background-position":"center center","background-size":"auto","background-attachment":"scroll","background-type":"","background-media":"","overlay-type":"","overlay-color":"","overlay-opacity":"","overlay-gradient":""}},"footnotes":""},"class_list":["post-84","page","type-page","status-publish","hentry"],"aioseo_notices":[],"_links":{"self":[{"href":"https:\/\/stup.ffzg.unizg.hr\/index.php?rest_route=\/wp\/v2\/pages\/84","targetHints":{"allow":["GET"]}}],"collection":[{"href":"https:\/\/stup.ffzg.unizg.hr\/index.php?rest_route=\/wp\/v2\/pages"}],"about":[{"href":"https:\/\/stup.ffzg.unizg.hr\/index.php?rest_route=\/wp\/v2\/types\/page"}],"author":[{"embeddable":true,"href":"https:\/\/stup.ffzg.unizg.hr\/index.php?rest_route=\/wp\/v2\/users\/1"}],"replies":[{"embeddable":true,"href":"https:\/\/stup.ffzg.unizg.hr\/index.php?rest_route=%2Fwp%2Fv2%2Fcomments&post=84"}],"version-history":[{"count":7,"href":"https:\/\/stup.ffzg.unizg.hr\/index.php?rest_route=\/wp\/v2\/pages\/84\/revisions"}],"predecessor-version":[{"id":895,"href":"https:\/\/stup.ffzg.unizg.hr\/index.php?rest_route=\/wp\/v2\/pages\/84\/revisions\/895"}],"wp:attachment":[{"href":"https:\/\/stup.ffzg.unizg.hr\/index.php?rest_route=%2Fwp%2Fv2%2Fmedia&parent=84"}],"curies":[{"name":"wp","href":"https:\/\/api.w.org\/{rel}","templated":true}]}}