{"id":342,"date":"2021-09-24T20:32:27","date_gmt":"2021-09-24T19:32:27","guid":{"rendered":"https:\/\/stup.ffzg.unizg.hr\/?page_id=342"},"modified":"2021-10-10T22:26:40","modified_gmt":"2021-10-10T21:26:40","slug":"naslovnica","status":"publish","type":"page","link":"https:\/\/stup.ffzg.unizg.hr\/","title":{"rendered":"Naslovnica"},"content":{"rendered":"\n<div class=\"wp-block-group is-layout-flow wp-block-group-is-layout-flow\"><div class=\"wp-block-group__inner-container\">\n<figure class=\"wp-block-video aligncenter\"><video height=\"1080\" style=\"aspect-ratio: 1920 \/ 1080;\" width=\"1920\" autoplay loop muted src=\"https:\/\/stup.ffzg.unizg.hr\/wp-content\/uploads\/2021\/10\/Untitled-design-2-1.mp4\" playsinline><\/video><\/figure>\n<\/div><\/div>\n\n\n\n<div class=\"wp-block-columns is-layout-flex wp-container-core-columns-is-layout-28f84493 wp-block-columns-is-layout-flex\">\n<div class=\"wp-block-column is-layout-flow wp-block-column-is-layout-flow\">\n<div class=\"wp-block-group pls-shadow pls-radius has-ast-global-color-5-background-color has-background is-layout-flow wp-block-group-is-layout-flow\"><div class=\"wp-block-group__inner-container\">\n<h2 class=\"has-ast-global-color-5-background-color has-background wp-block-heading\"><span style=\"text-decoration: underline;\"><strong>N<\/strong><\/span><strong><span style=\"text-decoration: underline;\">AJNOVIJE OBAVIJESTI<\/span><\/strong><\/h2>\n\n\n<ul class=\"wp-block-latest-posts__list has-dates wp-block-latest-posts\"><li><div class=\"wp-block-latest-posts__featured-image alignleft\"><a href=\"https:\/\/stup.ffzg.unizg.hr\/?p=1300\" aria-label=\"Zavr\u0161na STUP\u0161tina\"><img loading=\"lazy\" decoding=\"async\" width=\"150\" height=\"150\" src=\"https:\/\/stup.ffzg.unizg.hr\/wp-content\/uploads\/2022\/08\/281888825_520189216420751_2021871501891689395_n-150x150.jpg\" class=\"attachment-thumbnail size-thumbnail wp-post-image\" alt=\"\" style=\"max-width:100px;max-height:100px;\" \/><\/a><\/div><a class=\"wp-block-latest-posts__post-title\" href=\"https:\/\/stup.ffzg.unizg.hr\/?p=1300\">Zavr\u0161na STUP\u0161tina<\/a><time datetime=\"2022-08-28T12:52:47+01:00\" class=\"wp-block-latest-posts__post-date\">28 kolovoza, 2022<\/time><div class=\"wp-block-latest-posts__post-excerpt\">Zavr\u0161na STUP\u0161tina Pozivamo vas sve da se pridru\u017eite Zavr\u0161noj STUP-\u0161tini ove godine. STUP-\u0161tine se odr\u017eavaju dva puta po akademskoj godini.\u2026 <a class=\"wp-block-latest-posts__read-more\" href=\"https:\/\/stup.ffzg.unizg.hr\/?p=1300\" rel=\"noopener noreferrer\">Pro\u010ditaj vi\u0161e<span class=\"screen-reader-text\">: Zavr\u0161na STUP\u0161tina<\/span><\/a><\/div><\/li>\n<li><div class=\"wp-block-latest-posts__featured-image alignleft\"><a href=\"https:\/\/stup.ffzg.unizg.hr\/?p=1297\" aria-label=\"naSTUP: Ve\u010der mladih bendova\"><img loading=\"lazy\" decoding=\"async\" width=\"150\" height=\"150\" src=\"https:\/\/stup.ffzg.unizg.hr\/wp-content\/uploads\/2022\/08\/280100303_2884850055146574_4451426898511652075_n-150x150.jpg\" class=\"attachment-thumbnail size-thumbnail wp-post-image\" alt=\"\" style=\"max-width:100px;max-height:100px;\" \/><\/a><\/div><a class=\"wp-block-latest-posts__post-title\" href=\"https:\/\/stup.ffzg.unizg.hr\/?p=1297\">naSTUP: Ve\u010der mladih bendova<\/a><time datetime=\"2022-08-28T12:48:54+01:00\" class=\"wp-block-latest-posts__post-date\">28 kolovoza, 2022<\/time><div class=\"wp-block-latest-posts__post-excerpt\">naSTUP: Ve\u010der mladih bendova Humanitarna sekcija STUP-a organizira prvi svoj koncert humanitarnog karaktera!! Sav prihod od ulaznica donirat \u0107emo u\u2026 <a class=\"wp-block-latest-posts__read-more\" href=\"https:\/\/stup.ffzg.unizg.hr\/?p=1297\" rel=\"noopener noreferrer\">Pro\u010ditaj vi\u0161e<span class=\"screen-reader-text\">: naSTUP: Ve\u010der mladih bendova<\/span><\/a><\/div><\/li>\n<li><div class=\"wp-block-latest-posts__featured-image alignleft\"><a href=\"https:\/\/stup.ffzg.unizg.hr\/?p=1285\" aria-label=\"Drugi PARTY KVIZ!\"><img loading=\"lazy\" decoding=\"async\" width=\"150\" height=\"150\" src=\"https:\/\/stup.ffzg.unizg.hr\/wp-content\/uploads\/2022\/08\/Copy-of-PART-KVIZ-Presentation-169-150x150.png\" class=\"attachment-thumbnail size-thumbnail wp-post-image\" alt=\"\" style=\"max-width:100px;max-height:100px;\" \/><\/a><\/div><a class=\"wp-block-latest-posts__post-title\" href=\"https:\/\/stup.ffzg.unizg.hr\/?p=1285\">Drugi PARTY KVIZ!<\/a><time datetime=\"2022-08-28T12:46:17+01:00\" class=\"wp-block-latest-posts__post-date\">28 kolovoza, 2022<\/time><div class=\"wp-block-latest-posts__post-excerpt\">Drugi PARTY KVIZ! Party sekcija STUP-a ponavlja jesenski hit i organizira drugi PARTY KVIZ! Kad? 11.4. u ponedjeljak, 20 sati\u2026 <a class=\"wp-block-latest-posts__read-more\" href=\"https:\/\/stup.ffzg.unizg.hr\/?p=1285\" rel=\"noopener noreferrer\">Pro\u010ditaj vi\u0161e<span class=\"screen-reader-text\">: Drugi PARTY KVIZ!<\/span><\/a><\/div><\/li>\n<\/ul><\/div><\/div>\n<\/div>\n\n\n\n<div class=\"wp-block-column is-layout-flow wp-block-column-is-layout-flow\"><div class=\"wp-block-calendar\"><table id=\"wp-calendar\" class=\"wp-calendar-table\">\n\t<caption>svibanj 2026<\/caption>\n\t<thead>\n\t<tr>\n\t\t<th scope=\"col\" aria-label=\"Ponedjeljak\">P<\/th>\n\t\t<th scope=\"col\" aria-label=\"Utorak\">U<\/th>\n\t\t<th scope=\"col\" aria-label=\"Srijeda\">S<\/th>\n\t\t<th scope=\"col\" aria-label=\"\u010cetvrtak\">\u010c<\/th>\n\t\t<th scope=\"col\" aria-label=\"Petak\">P<\/th>\n\t\t<th scope=\"col\" aria-label=\"Subota\">S<\/th>\n\t\t<th scope=\"col\" aria-label=\"Nedjelja\">N<\/th>\n\t<\/tr>\n\t<\/thead>\n\t<tbody>\n\t<tr>\n\t\t<td colspan=\"4\" class=\"pad\">&nbsp;<\/td><td>1<\/td><td>2<\/td><td>3<\/td>\n\t<\/tr>\n\t<tr>\n\t\t<td>4<\/td><td>5<\/td><td>6<\/td><td>7<\/td><td>8<\/td><td>9<\/td><td>10<\/td>\n\t<\/tr>\n\t<tr>\n\t\t<td>11<\/td><td>12<\/td><td>13<\/td><td id=\"today\">14<\/td><td>15<\/td><td>16<\/td><td>17<\/td>\n\t<\/tr>\n\t<tr>\n\t\t<td>18<\/td><td>19<\/td><td>20<\/td><td>21<\/td><td>22<\/td><td>23<\/td><td>24<\/td>\n\t<\/tr>\n\t<tr>\n\t\t<td>25<\/td><td>26<\/td><td>27<\/td><td>28<\/td><td>29<\/td><td>30<\/td><td>31<\/td>\n\t<\/tr>\n\t<\/tbody>\n\t<\/table><nav aria-label=\"Prethodni i sljede\u0107i mjeseci\" class=\"wp-calendar-nav\">\n\t\t<span class=\"wp-calendar-nav-prev\"><a href=\"https:\/\/stup.ffzg.unizg.hr\/?m=202208\">&laquo; kol<\/a><\/span>\n\t\t<span class=\"pad\">&nbsp;<\/span>\n\t\t<span class=\"wp-calendar-nav-next\">&nbsp;<\/span>\n\t<\/nav><\/div><\/div>\n<\/div>\n","protected":false},"excerpt":{"rendered":"<p>NAJNOVIJE OBAVIJESTI<\/p>\n","protected":false},"author":1,"featured_media":0,"parent":0,"menu_order":0,"comment_status":"closed","ping_status":"closed","template":"","meta":{"site-sidebar-layout":"no-sidebar","site-content-layout":"plain-container","ast-site-content-layout":"default","site-content-style":"default","site-sidebar-style":"default","ast-global-header-display":"","ast-banner-title-visibility":"","ast-main-header-display":"","ast-hfb-above-header-display":"","ast-hfb-below-header-display":"","ast-hfb-mobile-header-display":"","site-post-title":"disabled","ast-breadcrumbs-content":"","ast-featured-img":"","footer-sml-layout":"","ast-disable-related-posts":"","theme-transparent-header-meta":"default","adv-header-id-meta":"","stick-header-meta":"","header-above-stick-meta":"","header-main-stick-meta":"","header-below-stick-meta":"","astra-migrate-meta-layouts":"default","ast-page-background-enabled":"default","ast-page-background-meta":{"desktop":{"background-color":"var(--ast-global-color-4)","background-image":"","background-repeat":"repeat","background-position":"center center","background-size":"auto","background-attachment":"scroll","background-type":"","background-media":"","overlay-type":"","overlay-color":"","overlay-opacity":"","overlay-gradient":""},"tablet":{"background-color":"","background-image":"","background-repeat":"repeat","background-position":"center center","background-size":"auto","background-attachment":"scroll","background-type":"","background-media":"","overlay-type":"","overlay-color":"","overlay-opacity":"","overlay-gradient":""},"mobile":{"background-color":"","background-image":"","background-repeat":"repeat","background-position":"center center","background-size":"auto","background-attachment":"scroll","background-type":"","background-media":"","overlay-type":"","overlay-color":"","overlay-opacity":"","overlay-gradient":""}},"ast-content-background-meta":{"desktop":{"background-color":"var(--ast-global-color-5)","background-image":"","background-repeat":"repeat","background-position":"center center","background-size":"auto","background-attachment":"scroll","background-type":"","background-media":"","overlay-type":"","overlay-color":"","overlay-opacity":"","overlay-gradient":""},"tablet":{"background-color":"var(--ast-global-color-5)","background-image":"","background-repeat":"repeat","background-position":"center center","background-size":"auto","background-attachment":"scroll","background-type":"","background-media":"","overlay-type":"","overlay-color":"","overlay-opacity":"","overlay-gradient":""},"mobile":{"background-color":"var(--ast-global-color-5)","background-image":"","background-repeat":"repeat","background-position":"center center","background-size":"auto","background-attachment":"scroll","background-type":"","background-media":"","overlay-type":"","overlay-color":"","overlay-opacity":"","overlay-gradient":""}},"footnotes":""},"class_list":["post-342","page","type-page","status-publish","hentry"],"aioseo_notices":[],"_links":{"self":[{"href":"https:\/\/stup.ffzg.unizg.hr\/index.php?rest_route=\/wp\/v2\/pages\/342","targetHints":{"allow":["GET"]}}],"collection":[{"href":"https:\/\/stup.ffzg.unizg.hr\/index.php?rest_route=\/wp\/v2\/pages"}],"about":[{"href":"https:\/\/stup.ffzg.unizg.hr\/index.php?rest_route=\/wp\/v2\/types\/page"}],"author":[{"embeddable":true,"href":"https:\/\/stup.ffzg.unizg.hr\/index.php?rest_route=\/wp\/v2\/users\/1"}],"replies":[{"embeddable":true,"href":"https:\/\/stup.ffzg.unizg.hr\/index.php?rest_route=%2Fwp%2Fv2%2Fcomments&post=342"}],"version-history":[{"count":77,"href":"https:\/\/stup.ffzg.unizg.hr\/index.php?rest_route=\/wp\/v2\/pages\/342\/revisions"}],"predecessor-version":[{"id":1011,"href":"https:\/\/stup.ffzg.unizg.hr\/index.php?rest_route=\/wp\/v2\/pages\/342\/revisions\/1011"}],"wp:attachment":[{"href":"https:\/\/stup.ffzg.unizg.hr\/index.php?rest_route=%2Fwp%2Fv2%2Fmedia&parent=342"}],"curies":[{"name":"wp","href":"https:\/\/api.w.org\/{rel}","templated":true}]}}