{"id":153,"date":"2021-09-23T12:37:28","date_gmt":"2021-09-23T11:37:28","guid":{"rendered":"https:\/\/stup.ffzg.unizg.hr\/?page_id=153"},"modified":"2021-10-05T23:56:20","modified_gmt":"2021-10-05T22:56:20","slug":"o-nama-2","status":"publish","type":"page","link":"https:\/\/stup.ffzg.unizg.hr\/?page_id=153","title":{"rendered":"O nama"},"content":{"rendered":"\n<div class=\"wp-block-columns is-layout-flex wp-container-core-columns-is-layout-28f84493 wp-block-columns-is-layout-flex\">\n<div class=\"wp-block-column is-layout-flow wp-block-column-is-layout-flow\" style=\"flex-basis:66.66%\">\n<div class=\"wp-block-group pls-shadow pls-radius has-ast-global-color-5-background-color has-background is-layout-flow wp-block-group-is-layout-flow\"><div class=\"wp-block-group__inner-container\">\n<h2 class=\"wp-block-heading\"><strong><span style=\"text-decoration: underline;\">Op\u0107enito o KSP STUP<\/span><\/strong><\/h2>\n\n\n\n<p> Klub studenata psihologije Filozofskog fakulteta Sveu\u010dili\u0161ta u Zagrebu, \u201eSTUP\u201c neprofitna je dru\u0161tvena i strukovna udruga studenata. Osnovana je 1993. godine, a osnovni ciljevi su pobolj\u0161anje uvjeta studija i nastave, skrb za ostvarivanje obrazovnih, dru\u0161tvenih, kulturnih i drugih interesa studenata, skrb o po\u0161tivanju studentskih prava i sloboda, promicanje i unaprje\u0111ivanje kako znanstvene tako i primijenjene psihologije, povezivanje i suradnja s drugim organizacijama na Fakultetu, Sveu\u010dili\u0161tu, u Hrvatskoj i u svijetu, doprinos razvoju sveu\u010dili\u0161ta. Klub je \u010dlan EFPSA-e (The European Federation of Psychology Students\u2019 Associations) koja okuplja 33 udruge studenata psihologije diljem Europe. Ciljevi EFPSA aktivnosti su pomo\u0107 studentima psihologije, kontribucija dru\u0161tvu, pobolj\u0161anje psihologije kao struke te povezivanje stru\u010dnjaka i studenata.<br><br>Aktivnosti kojima ostvarujemo na\u0161e ciljeve mogu\u0107e je podijeliti u znanstvene, akademske, dru\u0161tvene i humanitarne aktivnosti koje \u010dlanovi STUP-a organiziraju za svoje kolege i zajednicu. To su organiziranje znanstveno-istra\u017eiva\u010dke sekcije, znanstvenog skupa studenata psihologije, poha\u0111anje drugih konferencija psihologa u regiji, razli\u010ditih tribina za studente, programa brige za nove studente, razli\u010diti sadr\u017eaji zabavnog karaktera te humanitarne akcije.<br><br>Vodstvo Kluba sastoji se od predsjednice, potpredsjednika i tajnice. Rad vodstva prati tro\u010dlani Nadzorni odbor. Voditelji svih sekcija, kao i vodstvo samo bira se demokratski na godi\u0161njem sastanku \u010dlanova. <\/p>\n<\/div><\/div>\n<\/div>\n\n\n\n<div class=\"wp-block-column is-layout-flow wp-block-column-is-layout-flow\" style=\"flex-basis:33.33%\">\n<div class=\"wp-block-group pls-shadow pls-radius has-ast-global-color-5-background-color has-background is-layout-flow wp-block-group-is-layout-flow\"><div class=\"wp-block-group__inner-container\">\n<p> <strong>Vodstvo Kluba:<\/strong><br>&#8211; <strong>Predsjednica: <\/strong>Anamarija Jela\u0161i\u0107<br><strong>&#8211; Potpredsjednik: <\/strong>Dominik Jeli\u0107<br><strong>&#8211; Tajnica: <\/strong>Laura Vidakovi\u0107<br><br><br><strong>Koordinatorice:<\/strong><br>&#8211; Jurja Jakob<br>&#8211; Iva Mili\u010devi\u0107<br>&#8211; Ana Marija Nogolica<br><br><strong>Nadzorni odbor:<\/strong><br>&#8211; Dra\u017een Bi\u010dani\u0107<br>&#8211; Dorotea Brajkovi\u0107<br>&#8211; Mirela Bakovi\u0107 <\/p>\n<\/div><\/div>\n<\/div>\n<\/div>\n\n\n\n<p class=\"has-text-align-center pls-shadow pls-radius has-ast-global-color-5-background-color has-background has-medium-font-size\"> <a href=\"https:\/\/stup.ffzg.unizg.hr\/?page_id=196(otvara se u novoj kartici)\" data-type=\"URL\" data-id=\"https:\/\/stup.ffzg.unizg.hr\/?page_id=196(otvara se u novoj kartici)\" target=\"_blank\" rel=\"noreferrer noopener\"><strong>Pogledajte povijest na\u0161eg Kluba!<\/strong><\/a><\/p>\n\n\n\n<p><\/p>\n","protected":false},"excerpt":{"rendered":"<p>Op\u0107enito o KSP STUP Klub studenata psihologije Filozofskog fakulteta Sveu\u010dili\u0161ta u Zagrebu, \u201eSTUP\u201c neprofitna je dru\u0161tvena i strukovna udruga studenata. Osnovana je 1993. godine, a osnovni ciljevi su pobolj\u0161anje uvjeta studija i nastave, skrb za ostvarivanje obrazovnih, dru\u0161tvenih, kulturnih i drugih interesa studenata, skrb o po\u0161tivanju studentskih prava i sloboda, promicanje i unaprje\u0111ivanje kako znanstvene [&hellip;]<\/p>\n","protected":false},"author":1,"featured_media":0,"parent":0,"menu_order":0,"comment_status":"closed","ping_status":"closed","template":"","meta":{"site-sidebar-layout":"default","site-content-layout":"plain-container","ast-site-content-layout":"default","site-content-style":"default","site-sidebar-style":"default","ast-global-header-display":"","ast-banner-title-visibility":"","ast-main-header-display":"","ast-hfb-above-header-display":"","ast-hfb-below-header-display":"","ast-hfb-mobile-header-display":"","site-post-title":"","ast-breadcrumbs-content":"","ast-featured-img":"","footer-sml-layout":"","ast-disable-related-posts":"","theme-transparent-header-meta":"default","adv-header-id-meta":"","stick-header-meta":"","header-above-stick-meta":"","header-main-stick-meta":"","header-below-stick-meta":"","astra-migrate-meta-layouts":"default","ast-page-background-enabled":"default","ast-page-background-meta":{"desktop":{"background-color":"var(--ast-global-color-4)","background-image":"","background-repeat":"repeat","background-position":"center center","background-size":"auto","background-attachment":"scroll","background-type":"","background-media":"","overlay-type":"","overlay-color":"","overlay-opacity":"","overlay-gradient":""},"tablet":{"background-color":"","background-image":"","background-repeat":"repeat","background-position":"center center","background-size":"auto","background-attachment":"scroll","background-type":"","background-media":"","overlay-type":"","overlay-color":"","overlay-opacity":"","overlay-gradient":""},"mobile":{"background-color":"","background-image":"","background-repeat":"repeat","background-position":"center center","background-size":"auto","background-attachment":"scroll","background-type":"","background-media":"","overlay-type":"","overlay-color":"","overlay-opacity":"","overlay-gradient":""}},"ast-content-background-meta":{"desktop":{"background-color":"var(--ast-global-color-5)","background-image":"","background-repeat":"repeat","background-position":"center center","background-size":"auto","background-attachment":"scroll","background-type":"","background-media":"","overlay-type":"","overlay-color":"","overlay-opacity":"","overlay-gradient":""},"tablet":{"background-color":"var(--ast-global-color-5)","background-image":"","background-repeat":"repeat","background-position":"center center","background-size":"auto","background-attachment":"scroll","background-type":"","background-media":"","overlay-type":"","overlay-color":"","overlay-opacity":"","overlay-gradient":""},"mobile":{"background-color":"var(--ast-global-color-5)","background-image":"","background-repeat":"repeat","background-position":"center center","background-size":"auto","background-attachment":"scroll","background-type":"","background-media":"","overlay-type":"","overlay-color":"","overlay-opacity":"","overlay-gradient":""}},"footnotes":""},"class_list":["post-153","page","type-page","status-publish","hentry"],"aioseo_notices":[],"_links":{"self":[{"href":"https:\/\/stup.ffzg.unizg.hr\/index.php?rest_route=\/wp\/v2\/pages\/153","targetHints":{"allow":["GET"]}}],"collection":[{"href":"https:\/\/stup.ffzg.unizg.hr\/index.php?rest_route=\/wp\/v2\/pages"}],"about":[{"href":"https:\/\/stup.ffzg.unizg.hr\/index.php?rest_route=\/wp\/v2\/types\/page"}],"author":[{"embeddable":true,"href":"https:\/\/stup.ffzg.unizg.hr\/index.php?rest_route=\/wp\/v2\/users\/1"}],"replies":[{"embeddable":true,"href":"https:\/\/stup.ffzg.unizg.hr\/index.php?rest_route=%2Fwp%2Fv2%2Fcomments&post=153"}],"version-history":[{"count":38,"href":"https:\/\/stup.ffzg.unizg.hr\/index.php?rest_route=\/wp\/v2\/pages\/153\/revisions"}],"predecessor-version":[{"id":913,"href":"https:\/\/stup.ffzg.unizg.hr\/index.php?rest_route=\/wp\/v2\/pages\/153\/revisions\/913"}],"wp:attachment":[{"href":"https:\/\/stup.ffzg.unizg.hr\/index.php?rest_route=%2Fwp%2Fv2%2Fmedia&parent=153"}],"curies":[{"name":"wp","href":"https:\/\/api.w.org\/{rel}","templated":true}]}}